{"id":1179,"date":"2024-04-02T14:19:01","date_gmt":"2024-04-02T12:19:01","guid":{"rendered":"https:\/\/txispa.com\/terms-and-conditions-of-sale-and-cancellation\/"},"modified":"2024-05-20T10:42:22","modified_gmt":"2024-05-20T08:42:22","slug":"terms-and-conditions-of-sale-and-cancellation","status":"publish","type":"page","link":"https:\/\/txispa.com\/en\/terms-and-conditions-of-sale-and-cancellation\/","title":{"rendered":"Terms and conditions of sale and cancellation"},"content":{"rendered":"<!--themify_builder_content-->\n<div id=\"themify_builder_content-1179\" data-postid=\"1179\" class=\"themify_builder_content themify_builder_content-1179 themify_builder tf_clear\">\n                    <div  data-css_id=\"z2nj779\" data-lazy=\"1\" class=\"module_row themify_builder_row fullwidth_row_container tb_z2nj779 tb_first tf_w\">\n                        <div class=\"row_inner col_align_top tb_col_count_1 tf_box tf_rel\">\n                        <div  data-lazy=\"1\" class=\"module_column tb-column col-full tb_3y68779 first\">\n                            <div  data-lazy=\"1\" class=\"module_subrow themify_builder_sub_row tf_w col_align_top tb_col_count_1 tb_9iiy779\">\n                <div  data-lazy=\"1\" class=\"module_column sub_column col-full tb_982d779 first\">\n                    <!-- module text -->\n<div  class=\"module module-text tb_cot3779   \" data-lazy=\"1\">\n        <div  class=\"tb_text_wrap\">\n        <h1>Terms and conditions of sale and cancellation<\/h1>\n<ol>\n<li>Gift Cards are sold directly by Txispa, without third parties. In this way we give the maximum security and confidence.<\/li>\n<li>Secure payment. We do not store financial information or any other type of your credit card, the transaction is done in a secure environment with all the guarantees for your security and confidentiality.<\/li>\n<li>Gift Cards can be purchased on the Txispa website with a minimum of two people.<\/li>\n<li>When purchasing a Gift Card, the maximum non-extendable period for its use is 6 months from the time of purchase.<\/li>\n<li>The menu is subject to change depending on the availability of raw material.<\/li>\n<li>To make use of the Gift Card it is essential to previously make a reservation on the restaurant&#8217;s website. In any case the reservation will be conditioned by the availability of seats in the restaurant at the time chosen.<\/li>\n<li>Offer valid during meal times on the restaurant&#8217;s regular opening days.<\/li>\n<li>Gift conditions: The person who comes to the restaurant to enjoy the Gift Card on the date indicated must present the Gift Card on their mobile or otherwise printed.<\/li>\n<li>Cancellation Policy: If you wish to cancel or change your gift card you must do so at least 7 days prior to the reserved date. In case of no notice or no show on the day of your reservation, you will not be eligible for a refund. If there are less people attending than the gift card purchased, and no prior notice has been given, you will not be eligible for a refund.<\/li>\n<li>For any information please write to info@txispa.com<\/li>\n<li style=\"list-style-type: none;\">\u00a0<\/li>\n<\/ol>    <\/div>\n<\/div>\n<!-- \/module text -->        <\/div>\n                    <\/div>\n                <\/div>\n                        <\/div>\n        <\/div>\n                        <div  data-lazy=\"1\" class=\"module_row themify_builder_row tb_tip2496 tf_w\">\n                        <div class=\"row_inner col_align_top tb_col_count_1 tf_box tf_rel\">\n                        <div  data-lazy=\"1\" class=\"module_column tb-column col-full tb_j4b4496 first\">\n                    <!-- module text -->\n<div  class=\"module module-text tb_9ioz496   \" data-lazy=\"1\">\n        <div  class=\"tb_text_wrap\">\n        <h1><br><\/h1>    <\/div>\n<\/div>\n<!-- \/module text --><!-- module text -->\n<div  class=\"module module-text tb_gz03496   \" data-lazy=\"1\">\n        <div  class=\"tb_text_wrap\">\n        <ol>\n<li><br><\/li>\n<\/ol>    <\/div>\n<\/div>\n<!-- \/module text -->        <\/div>\n                        <\/div>\n        <\/div>\n        <\/div>\n<!--\/themify_builder_content--><p><\/p>","protected":false},"excerpt":{"rendered":"<p>T\u00e9rminos y condiciones de venta y cancelaci\u00f3n \u00a0 Las Tarjetas Regalo son vendidas directamente por Txispa, sin terceros. De esta forma damos la m\u00e1xima seguridad y confianza. Pago Seguro. No guardamos informaci\u00f3n financiera ni de ning\u00fan otro tipo de tu tarjeta de cr\u00e9dito, la transacci\u00f3n se realiza en un entorno seguro con todas las garant\u00edas [&hellip;]<\/p>\n","protected":false},"author":9,"featured_media":0,"parent":0,"menu_order":0,"comment_status":"closed","ping_status":"closed","template":"","meta":{"footnotes":""},"class_list":["post-1179","page","type-page","status-publish","hentry","has-post-title","has-post-date","has-post-category","has-post-tag","has-post-comment","has-post-author",""],"yoast_head":"<!-- This site is optimized with the Yoast SEO plugin v27.3 - https:\/\/yoast.com\/product\/yoast-seo-wordpress\/ -->\n<title>Terms and conditions of sale and cancellation &#183; Txispa<\/title>\n<meta name=\"description\" content=\"T\u00e9rminos y condiciones de venta y cancelaci\u00f3n \u00a0 Las Tarjetas Regalo son vendidas directamente por Txispa, sin terceros. De esta forma damos la m\u00e1xima\" \/>\n<meta name=\"robots\" content=\"noindex, nofollow\" \/>\n<meta property=\"og:locale\" content=\"en_US\" \/>\n<meta property=\"og:type\" content=\"article\" \/>\n<meta property=\"og:title\" content=\"Terms and conditions of sale and cancellation &#183; Txispa\" \/>\n<meta property=\"og:description\" content=\"T\u00e9rminos y condiciones de venta y cancelaci\u00f3n \u00a0 Las Tarjetas Regalo son vendidas directamente por Txispa, sin terceros. De esta forma damos la m\u00e1xima\" \/>\n<meta property=\"og:url\" content=\"https:\/\/txispa.com\/en\/terms-and-conditions-of-sale-and-cancellation\/\" \/>\n<meta property=\"og:site_name\" content=\"Txispa\" \/>\n<meta property=\"article:modified_time\" content=\"2024-05-20T08:42:22+00:00\" \/>\n<meta property=\"og:image\" content=\"https:\/\/txispa.com\/wp-content\/uploads\/2024\/03\/LOGO-TXISPAS-estrella-MICHELIN1.png\" \/>\n\t<meta property=\"og:image:width\" content=\"980\" \/>\n\t<meta property=\"og:image:height\" content=\"140\" \/>\n\t<meta property=\"og:image:type\" content=\"image\/png\" \/>\n<meta name=\"twitter:card\" content=\"summary_large_image\" \/>\n<meta name=\"twitter:label1\" content=\"Est. reading time\" \/>\n\t<meta name=\"twitter:data1\" content=\"1 minute\" \/>\n<script type=\"application\/ld+json\" class=\"yoast-schema-graph\">{\"@context\":\"https:\\\/\\\/schema.org\",\"@graph\":[{\"@type\":\"WebPage\",\"@id\":\"https:\\\/\\\/txispa.com\\\/en\\\/terms-and-conditions-of-sale-and-cancellation\\\/\",\"url\":\"https:\\\/\\\/txispa.com\\\/en\\\/terms-and-conditions-of-sale-and-cancellation\\\/\",\"name\":\"Terms and conditions of sale and cancellation &#183; Txispa\",\"isPartOf\":{\"@id\":\"https:\\\/\\\/txispa.com\\\/en\\\/#website\"},\"datePublished\":\"2024-04-02T12:19:01+00:00\",\"dateModified\":\"2024-05-20T08:42:22+00:00\",\"description\":\"T\u00e9rminos y condiciones de venta y cancelaci\u00f3n \u00a0 Las Tarjetas Regalo son vendidas directamente por Txispa, sin terceros. De esta forma damos la m\u00e1xima\",\"breadcrumb\":{\"@id\":\"https:\\\/\\\/txispa.com\\\/en\\\/terms-and-conditions-of-sale-and-cancellation\\\/#breadcrumb\"},\"inLanguage\":\"en-US\",\"potentialAction\":[{\"@type\":\"ReadAction\",\"target\":[\"https:\\\/\\\/txispa.com\\\/en\\\/terms-and-conditions-of-sale-and-cancellation\\\/\"]}]},{\"@type\":\"BreadcrumbList\",\"@id\":\"https:\\\/\\\/txispa.com\\\/en\\\/terms-and-conditions-of-sale-and-cancellation\\\/#breadcrumb\",\"itemListElement\":[{\"@type\":\"ListItem\",\"position\":1,\"name\":\"Portada\",\"item\":\"https:\\\/\\\/txispa.com\\\/en\\\/\"},{\"@type\":\"ListItem\",\"position\":2,\"name\":\"Terms and conditions of sale and cancellation\"}]},{\"@type\":\"WebSite\",\"@id\":\"https:\\\/\\\/txispa.com\\\/en\\\/#website\",\"url\":\"https:\\\/\\\/txispa.com\\\/en\\\/\",\"name\":\"Txispa \u00b7 Restaurante Japon\u00e9s\",\"description\":\"Restaurante Japones en Bilbao\",\"publisher\":{\"@id\":\"https:\\\/\\\/txispa.com\\\/en\\\/#organization\"},\"alternateName\":\"Restaurante Txispa\",\"potentialAction\":[{\"@type\":\"SearchAction\",\"target\":{\"@type\":\"EntryPoint\",\"urlTemplate\":\"https:\\\/\\\/txispa.com\\\/en\\\/?s={search_term_string}\"},\"query-input\":{\"@type\":\"PropertyValueSpecification\",\"valueRequired\":true,\"valueName\":\"search_term_string\"}}],\"inLanguage\":\"en-US\"},{\"@type\":\"Organization\",\"@id\":\"https:\\\/\\\/txispa.com\\\/en\\\/#organization\",\"name\":\"Txispa \u00b7 Restaurante Japon\u00e9s\",\"alternateName\":\"Txispa \u00b7 Restaurante Japon\u00e9s en Bilbao\",\"url\":\"https:\\\/\\\/txispa.com\\\/en\\\/\",\"logo\":{\"@type\":\"ImageObject\",\"inLanguage\":\"en-US\",\"@id\":\"https:\\\/\\\/txispa.com\\\/en\\\/#\\\/schema\\\/logo\\\/image\\\/\",\"url\":\"http:\\\/\\\/txispa.com\\\/wp-content\\\/uploads\\\/2024\\\/03\\\/LOGO-TXISPAS-estrella-MICHELIN1.png\",\"contentUrl\":\"http:\\\/\\\/txispa.com\\\/wp-content\\\/uploads\\\/2024\\\/03\\\/LOGO-TXISPAS-estrella-MICHELIN1.png\",\"width\":888,\"height\":108,\"caption\":\"Txispa \u00b7 Restaurante Japon\u00e9s\"},\"image\":{\"@id\":\"https:\\\/\\\/txispa.com\\\/en\\\/#\\\/schema\\\/logo\\\/image\\\/\"},\"sameAs\":[\"https:\\\/\\\/www.instagram.com\\\/txispa_restaurant\"]}]}<\/script>\n<!-- \/ Yoast SEO plugin. -->","yoast_head_json":{"title":"Terms and conditions of sale and cancellation &#183; Txispa","description":"T\u00e9rminos y condiciones de venta y cancelaci\u00f3n \u00a0 Las Tarjetas Regalo son vendidas directamente por Txispa, sin terceros. De esta forma damos la m\u00e1xima","robots":{"index":"noindex","follow":"nofollow"},"og_locale":"en_US","og_type":"article","og_title":"Terms and conditions of sale and cancellation &#183; Txispa","og_description":"T\u00e9rminos y condiciones de venta y cancelaci\u00f3n \u00a0 Las Tarjetas Regalo son vendidas directamente por Txispa, sin terceros. De esta forma damos la m\u00e1xima","og_url":"https:\/\/txispa.com\/en\/terms-and-conditions-of-sale-and-cancellation\/","og_site_name":"Txispa","article_modified_time":"2024-05-20T08:42:22+00:00","og_image":[{"width":980,"height":140,"url":"https:\/\/txispa.com\/wp-content\/uploads\/2024\/03\/LOGO-TXISPAS-estrella-MICHELIN1.png","type":"image\/png"}],"twitter_card":"summary_large_image","twitter_misc":{"Est. reading time":"1 minute"},"schema":{"@context":"https:\/\/schema.org","@graph":[{"@type":"WebPage","@id":"https:\/\/txispa.com\/en\/terms-and-conditions-of-sale-and-cancellation\/","url":"https:\/\/txispa.com\/en\/terms-and-conditions-of-sale-and-cancellation\/","name":"Terms and conditions of sale and cancellation &#183; Txispa","isPartOf":{"@id":"https:\/\/txispa.com\/en\/#website"},"datePublished":"2024-04-02T12:19:01+00:00","dateModified":"2024-05-20T08:42:22+00:00","description":"T\u00e9rminos y condiciones de venta y cancelaci\u00f3n \u00a0 Las Tarjetas Regalo son vendidas directamente por Txispa, sin terceros. De esta forma damos la m\u00e1xima","breadcrumb":{"@id":"https:\/\/txispa.com\/en\/terms-and-conditions-of-sale-and-cancellation\/#breadcrumb"},"inLanguage":"en-US","potentialAction":[{"@type":"ReadAction","target":["https:\/\/txispa.com\/en\/terms-and-conditions-of-sale-and-cancellation\/"]}]},{"@type":"BreadcrumbList","@id":"https:\/\/txispa.com\/en\/terms-and-conditions-of-sale-and-cancellation\/#breadcrumb","itemListElement":[{"@type":"ListItem","position":1,"name":"Portada","item":"https:\/\/txispa.com\/en\/"},{"@type":"ListItem","position":2,"name":"Terms and conditions of sale and cancellation"}]},{"@type":"WebSite","@id":"https:\/\/txispa.com\/en\/#website","url":"https:\/\/txispa.com\/en\/","name":"Txispa \u00b7 Restaurante Japon\u00e9s","description":"Restaurante Japones en Bilbao","publisher":{"@id":"https:\/\/txispa.com\/en\/#organization"},"alternateName":"Restaurante Txispa","potentialAction":[{"@type":"SearchAction","target":{"@type":"EntryPoint","urlTemplate":"https:\/\/txispa.com\/en\/?s={search_term_string}"},"query-input":{"@type":"PropertyValueSpecification","valueRequired":true,"valueName":"search_term_string"}}],"inLanguage":"en-US"},{"@type":"Organization","@id":"https:\/\/txispa.com\/en\/#organization","name":"Txispa \u00b7 Restaurante Japon\u00e9s","alternateName":"Txispa \u00b7 Restaurante Japon\u00e9s en Bilbao","url":"https:\/\/txispa.com\/en\/","logo":{"@type":"ImageObject","inLanguage":"en-US","@id":"https:\/\/txispa.com\/en\/#\/schema\/logo\/image\/","url":"http:\/\/txispa.com\/wp-content\/uploads\/2024\/03\/LOGO-TXISPAS-estrella-MICHELIN1.png","contentUrl":"http:\/\/txispa.com\/wp-content\/uploads\/2024\/03\/LOGO-TXISPAS-estrella-MICHELIN1.png","width":888,"height":108,"caption":"Txispa \u00b7 Restaurante Japon\u00e9s"},"image":{"@id":"https:\/\/txispa.com\/en\/#\/schema\/logo\/image\/"},"sameAs":["https:\/\/www.instagram.com\/txispa_restaurant"]}]}},"builder_content":"<h1>Terms and conditions of sale and cancellation<\/h1> <ol> <li>Gift Cards are sold directly by Txispa, without third parties. In this way we give the maximum security and confidence.<\/li> <li>Secure payment. We do not store financial information or any other type of your credit card, the transaction is done in a secure environment with all the guarantees for your security and confidentiality.<\/li> <li>Gift Cards can be purchased on the Txispa website with a minimum of two people.<\/li> <li>When purchasing a Gift Card, the maximum non-extendable period for its use is 6 months from the time of purchase.<\/li> <li>The menu is subject to change depending on the availability of raw material.<\/li> <li>To make use of the Gift Card it is essential to previously make a reservation on the restaurant's website. In any case the reservation will be conditioned by the availability of seats in the restaurant at the time chosen.<\/li> <li>Offer valid during meal times on the restaurant's regular opening days.<\/li> <li>Gift conditions: The person who comes to the restaurant to enjoy the Gift Card on the date indicated must present the Gift Card on their mobile or otherwise printed.<\/li> <li>Cancellation Policy: If you wish to cancel or change your gift card you must do so at least 7 days prior to the reserved date. In case of no notice or no show on the day of your reservation, you will not be eligible for a refund. If there are less people attending than the gift card purchased, and no prior notice has been given, you will not be eligible for a refund.<\/li> <li>For any information please write to info@txispa.com<\/li> <li style=\"list-style-type: none;\">\u00a0<\/li> <\/ol>\n<h1><br><\/h1>\n<ol> <li><br><\/li> <\/ol>","_links":{"self":[{"href":"https:\/\/txispa.com\/en\/wp-json\/wp\/v2\/pages\/1179","targetHints":{"allow":["GET"]}}],"collection":[{"href":"https:\/\/txispa.com\/en\/wp-json\/wp\/v2\/pages"}],"about":[{"href":"https:\/\/txispa.com\/en\/wp-json\/wp\/v2\/types\/page"}],"author":[{"embeddable":true,"href":"https:\/\/txispa.com\/en\/wp-json\/wp\/v2\/users\/9"}],"replies":[{"embeddable":true,"href":"https:\/\/txispa.com\/en\/wp-json\/wp\/v2\/comments?post=1179"}],"version-history":[{"count":10,"href":"https:\/\/txispa.com\/en\/wp-json\/wp\/v2\/pages\/1179\/revisions"}],"predecessor-version":[{"id":1726,"href":"https:\/\/txispa.com\/en\/wp-json\/wp\/v2\/pages\/1179\/revisions\/1726"}],"wp:attachment":[{"href":"https:\/\/txispa.com\/en\/wp-json\/wp\/v2\/media?parent=1179"}],"curies":[{"name":"wp","href":"https:\/\/api.w.org\/{rel}","templated":true}]}}